{"id":787,"date":"2021-09-21T19:07:00","date_gmt":"2021-09-21T17:07:00","guid":{"rendered":"https:\/\/exploreruralcroatia.com\/?page_id=787"},"modified":"2021-09-24T16:30:12","modified_gmt":"2021-09-24T14:30:12","slug":"hrvatske-regije","status":"publish","type":"page","link":"https:\/\/exploreruralcroatia.com\/hr\/hrvatske-regije\/","title":{"rendered":"Hrvatske regije"},"content":{"rendered":"\t\t<div data-elementor-type=\"wp-page\" data-elementor-id=\"787\" class=\"elementor elementor-787 elementor-154\">\n\t\t\t\t\t\t<section class=\"elementor-section elementor-top-section elementor-element elementor-element-a275b2b elementor-section-boxed elementor-section-height-default elementor-section-height-default\" data-id=\"a275b2b\" data-element_type=\"section\" data-e-type=\"section\">\n\t\t\t\t\t\t<div class=\"elementor-container elementor-column-gap-default\">\n\t\t\t\t\t<div class=\"elementor-column elementor-col-100 elementor-top-column elementor-element elementor-element-758e8e3\" data-id=\"758e8e3\" data-element_type=\"column\" data-e-type=\"column\">\n\t\t\t<div class=\"elementor-widget-wrap elementor-element-populated\">\n\t\t\t\t\t\t<div class=\"elementor-element elementor-element-05ff13a elementor-widget elementor-widget-text-editor\" data-id=\"05ff13a\" data-element_type=\"widget\" data-e-type=\"widget\" data-widget_type=\"text-editor.default\">\n\t\t\t\t<div class=\"elementor-widget-container\">\n\t\t\t\t\t\t\t\t\t<p>Podjeljena u 4 regije, koje se sastoje od 21 \u017eupanije, Hrvatska ima \u0161iroku raznolikost ruralne divljine i prirode, kao i razli\u010dite tradicije, specifi\u010dne za pojedinu regiju.<\/p>\n\t\t\t\t\t\t\t\t<\/div>\n\t\t\t\t<\/div>\n\t\t\t\t<div class=\"elementor-element elementor-element-1869da5 elementor-widget elementor-widget-shortcode\" data-id=\"1869da5\" data-element_type=\"widget\" data-e-type=\"widget\" data-widget_type=\"shortcode.default\">\n\t\t\t\t<div class=\"elementor-widget-container\">\n\t\t\t\t\t<div class=\"erc-regions-wrap\"><ul class=\"erc-regions-list\"><li class=\"ercrl-region-list-item\"><a href=\"https:\/\/exploreruralcroatia.com\/hr\/regija\/dalmacija\/\">Dalmacija<\/a><ul class=\"ercrl-counties-list\"><li class=\"ercrl-class-list-item\"><a href=\"https:\/\/exploreruralcroatia.com\/hr\/regija\/dalmacija\/dubrovacko-neretvanska-zupanija\/\">Dubrova\u010dko-neretvanska \u017eupanija<\/a><\/li><li class=\"ercrl-class-list-item\"><a href=\"https:\/\/exploreruralcroatia.com\/hr\/regija\/dalmacija\/sibensko-kninska-zupanija\/\">\u0160ibensko-kninska \u017eupanija<\/a><\/li><li class=\"ercrl-class-list-item\"><a href=\"https:\/\/exploreruralcroatia.com\/hr\/regija\/dalmacija\/splitsko-dalmatinska-zupanija\/\">Splitsko-dalmatinska \u017eupanija<\/a><\/li><li class=\"ercrl-class-list-item\"><a href=\"https:\/\/exploreruralcroatia.com\/hr\/regija\/dalmacija\/zadarska-zupanija\/\">Zadarska \u017eupanija<\/a><\/li><\/ul><\/li><li class=\"ercrl-region-list-item\"><a href=\"https:\/\/exploreruralcroatia.com\/hr\/regija\/istra\/\">Istra<\/a><ul class=\"ercrl-counties-list\"><li class=\"ercrl-class-list-item\"><a href=\"https:\/\/exploreruralcroatia.com\/hr\/regija\/istra\/istarska-zupanija\/\">Istarska \u017eupanija<\/a><\/li><\/ul><\/li><li class=\"ercrl-region-list-item\"><a href=\"https:\/\/exploreruralcroatia.com\/hr\/regija\/slavonija\/\">Slavonija<\/a><ul class=\"ercrl-counties-list\"><li class=\"ercrl-class-list-item\"><a href=\"https:\/\/exploreruralcroatia.com\/hr\/regija\/slavonija\/brodsko-posavska-zupanija\/\">Brodsko-posavska \u017eupanija<\/a><\/li><li class=\"ercrl-class-list-item\"><a href=\"https:\/\/exploreruralcroatia.com\/hr\/regija\/slavonija\/osjecko-baranjska-zupanija\/\">Osje\u010dko-baranjska \u017eupanija<\/a><\/li><li class=\"ercrl-class-list-item\"><a href=\"https:\/\/exploreruralcroatia.com\/hr\/regija\/slavonija\/pozesko-slavonska-zupanija\/\">Po\u017ee\u0161ko-slavonska \u017eupanija<\/a><\/li><li class=\"ercrl-class-list-item\"><a href=\"https:\/\/exploreruralcroatia.com\/hr\/regija\/slavonija\/viroviticko-podravska-zupanija\/\">Viroviti\u010dko-podravska \u017eupanija<\/a><\/li><li class=\"ercrl-class-list-item\"><a href=\"https:\/\/exploreruralcroatia.com\/hr\/regija\/slavonija\/vukovarsko-srijemska-zupanija\/\">Vukovarsko-srijemska \u017eupanija<\/a><\/li><\/ul><\/li><li class=\"ercrl-region-list-item\"><a href=\"https:\/\/exploreruralcroatia.com\/hr\/regija\/sredisnja-hrvatska\/\">Sredi\u0161nja Hrvatska<\/a><ul class=\"ercrl-counties-list\"><li class=\"ercrl-class-list-item\"><a href=\"https:\/\/exploreruralcroatia.com\/hr\/regija\/sredisnja-hrvatska\/bjelovarsko-bilogorska-zupanija\/\">Bjelovarsko-bilogorska \u017eupanija<\/a><\/li><li class=\"ercrl-class-list-item\"><a href=\"https:\/\/exploreruralcroatia.com\/hr\/regija\/sredisnja-hrvatska\/grad-zagreb\/\">Grad Zagreb<\/a><\/li><li class=\"ercrl-class-list-item\"><a href=\"https:\/\/exploreruralcroatia.com\/hr\/regija\/sredisnja-hrvatska\/karlovacka-zupanija\/\">Karlova\u010dka \u017eupanija<\/a><\/li><li class=\"ercrl-class-list-item\"><a href=\"https:\/\/exploreruralcroatia.com\/hr\/regija\/sredisnja-hrvatska\/koprivnicko-krizevacka-zupanija\/\">Koprivni\u010dko-kri\u017eeva\u010dka \u017eupanija<\/a><\/li><li class=\"ercrl-class-list-item\"><a href=\"https:\/\/exploreruralcroatia.com\/hr\/regija\/sredisnja-hrvatska\/krapinsko-zagorska-zupanija\/\">Krapinsko-zagorska \u017eupanija<\/a><\/li><li class=\"ercrl-class-list-item\"><a href=\"https:\/\/exploreruralcroatia.com\/hr\/regija\/sredisnja-hrvatska\/licko-senjska-zupanija\/\">Li\u010dko-senjska \u017eupanija<\/a><\/li><li class=\"ercrl-class-list-item\"><a href=\"https:\/\/exploreruralcroatia.com\/hr\/regija\/sredisnja-hrvatska\/medimurska-zupanija\/\">Me\u0111imurska \u017eupanija<\/a><\/li><li class=\"ercrl-class-list-item\"><a href=\"https:\/\/exploreruralcroatia.com\/hr\/regija\/sredisnja-hrvatska\/primorsko-goranska-zupanija\/\">Primorsko-goranska \u017eupanija<\/a><\/li><li class=\"ercrl-class-list-item\"><a href=\"https:\/\/exploreruralcroatia.com\/hr\/regija\/sredisnja-hrvatska\/sisacko-moslavacka-zupanija\/\">Sisa\u010dko-moslava\u010dka \u017eupanija<\/a><\/li><li class=\"ercrl-class-list-item\"><a href=\"https:\/\/exploreruralcroatia.com\/hr\/regija\/sredisnja-hrvatska\/varazdinska-zupanija\/\">Vara\u017edinska \u017eupanija<\/a><\/li><li class=\"ercrl-class-list-item\"><a href=\"https:\/\/exploreruralcroatia.com\/hr\/regija\/sredisnja-hrvatska\/zagrebacka-zupanija\/\">Zagreba\u010dka \u017eupanija<\/a><\/li><\/ul><\/li><\/ul><\/div>\t\t<div class=\"elementor-shortcode\"><\/div>\n\t\t\t\t\t\t<\/div>\n\t\t\t\t<\/div>\n\t\t\t\t\t<\/div>\n\t\t<\/div>\n\t\t\t\t\t<\/div>\n\t\t<\/section>\n\t\t\t\t<\/div>\n\t\t","protected":false},"excerpt":{"rendered":"<p>Podjeljena u 4 regije, koje se sastoje od 21 \u017eupanije, Hrvatska ima \u0161iroku raznolikost ruralne divljine i prirode, kao i razli\u010dite tradicije, specifi\u010dne za pojedinu regiju.<\/p>\n","protected":false},"author":1,"featured_media":941,"parent":0,"menu_order":0,"comment_status":"closed","ping_status":"closed","template":"elementor_header_footer","meta":{"ngg_post_thumbnail":0,"ocean_post_layout":"","ocean_both_sidebars_style":"","ocean_both_sidebars_content_width":0,"ocean_both_sidebars_sidebars_width":0,"ocean_sidebar":"0","ocean_second_sidebar":"0","ocean_disable_margins":"enable","ocean_add_body_class":"","ocean_shortcode_before_top_bar":"","ocean_shortcode_after_top_bar":"","ocean_shortcode_before_header":"","ocean_shortcode_after_header":"","ocean_has_shortcode":"","ocean_shortcode_after_title":"","ocean_shortcode_before_footer_widgets":"","ocean_shortcode_after_footer_widgets":"","ocean_shortcode_before_footer_bottom":"","ocean_shortcode_after_footer_bottom":"","ocean_display_top_bar":"default","ocean_display_header":"default","ocean_header_style":"","ocean_center_header_left_menu":"0","ocean_custom_header_template":"0","ocean_custom_logo":0,"ocean_custom_retina_logo":0,"ocean_custom_logo_max_width":0,"ocean_custom_logo_tablet_max_width":0,"ocean_custom_logo_mobile_max_width":0,"ocean_custom_logo_max_height":0,"ocean_custom_logo_tablet_max_height":0,"ocean_custom_logo_mobile_max_height":0,"ocean_header_custom_menu":"0","ocean_menu_typo_font_family":"0","ocean_menu_typo_font_subset":"","ocean_menu_typo_font_size":0,"ocean_menu_typo_font_size_tablet":0,"ocean_menu_typo_font_size_mobile":0,"ocean_menu_typo_font_size_unit":"px","ocean_menu_typo_font_weight":"","ocean_menu_typo_font_weight_tablet":"","ocean_menu_typo_font_weight_mobile":"","ocean_menu_typo_transform":"","ocean_menu_typo_transform_tablet":"","ocean_menu_typo_transform_mobile":"","ocean_menu_typo_line_height":0,"ocean_menu_typo_line_height_tablet":0,"ocean_menu_typo_line_height_mobile":0,"ocean_menu_typo_line_height_unit":"","ocean_menu_typo_spacing":0,"ocean_menu_typo_spacing_tablet":0,"ocean_menu_typo_spacing_mobile":0,"ocean_menu_typo_spacing_unit":"","ocean_menu_link_color":"","ocean_menu_link_color_hover":"","ocean_menu_link_color_active":"","ocean_menu_link_background":"","ocean_menu_link_hover_background":"","ocean_menu_link_active_background":"","ocean_menu_social_links_bg":"","ocean_menu_social_hover_links_bg":"","ocean_menu_social_links_color":"","ocean_menu_social_hover_links_color":"","ocean_disable_title":"default","ocean_disable_heading":"default","ocean_post_title":"","ocean_post_subheading":"","ocean_post_title_style":"","ocean_post_title_background_color":"","ocean_post_title_background":0,"ocean_post_title_bg_image_position":"","ocean_post_title_bg_image_attachment":"","ocean_post_title_bg_image_repeat":"","ocean_post_title_bg_image_size":"","ocean_post_title_height":0,"ocean_post_title_bg_overlay":0.5,"ocean_post_title_bg_overlay_color":"","ocean_disable_breadcrumbs":"default","ocean_breadcrumbs_color":"","ocean_breadcrumbs_separator_color":"","ocean_breadcrumbs_links_color":"","ocean_breadcrumbs_links_hover_color":"","ocean_display_footer_widgets":"default","ocean_display_footer_bottom":"default","ocean_custom_footer_template":"0","footnotes":""},"class_list":["post-787","page","type-page","status-publish","has-post-thumbnail","hentry","entry","has-media"],"yoast_head":"<!-- This site is optimized with the Yoast SEO plugin v27.5 - https:\/\/yoast.com\/product\/yoast-seo-wordpress\/ -->\n<title>Hrvatske regije - Explore Rural Croatia<\/title>\n<meta name=\"robots\" content=\"index, follow, max-snippet:-1, max-image-preview:large, max-video-preview:-1\" \/>\n<link rel=\"canonical\" href=\"https:\/\/exploreruralcroatia.com\/hr\/hrvatske-regije\/\" \/>\n<meta property=\"og:locale\" content=\"hr_HR\" \/>\n<meta property=\"og:type\" content=\"article\" \/>\n<meta property=\"og:title\" content=\"Hrvatske regije - Explore Rural Croatia\" \/>\n<meta property=\"og:description\" content=\"Podjeljena u 4 regije, koje se sastoje od 21 \u017eupanije, Hrvatska ima \u0161iroku raznolikost ruralne divljine i prirode, kao i razli\u010dite tradicije, specifi\u010dne za pojedinu regiju.\" \/>\n<meta property=\"og:url\" content=\"https:\/\/exploreruralcroatia.com\/hr\/hrvatske-regije\/\" \/>\n<meta property=\"og:site_name\" content=\"Explore Rural Croatia\" \/>\n<meta property=\"article:modified_time\" content=\"2021-09-24T14:30:12+00:00\" \/>\n<meta name=\"twitter:card\" content=\"summary_large_image\" \/>\n<script type=\"application\/ld+json\" class=\"yoast-schema-graph\">{\"@context\":\"https:\\\/\\\/schema.org\",\"@graph\":[{\"@type\":\"WebPage\",\"@id\":\"https:\\\/\\\/exploreruralcroatia.com\\\/hr\\\/hrvatske-regije\\\/\",\"url\":\"https:\\\/\\\/exploreruralcroatia.com\\\/hr\\\/hrvatske-regije\\\/\",\"name\":\"Hrvatske regije - Explore Rural Croatia\",\"isPartOf\":{\"@id\":\"https:\\\/\\\/exploreruralcroatia.com\\\/hr\\\/#website\"},\"primaryImageOfPage\":{\"@id\":\"https:\\\/\\\/exploreruralcroatia.com\\\/hr\\\/hrvatske-regije\\\/#primaryimage\"},\"image\":{\"@id\":\"https:\\\/\\\/exploreruralcroatia.com\\\/hr\\\/hrvatske-regije\\\/#primaryimage\"},\"thumbnailUrl\":\"https:\\\/\\\/exploreruralcroatia.com\\\/wp-content\\\/uploads\\\/2021\\\/09\\\/i.9c8138d03351e86ed4ae29d492b685c2.jpg\",\"datePublished\":\"2021-09-21T17:07:00+00:00\",\"dateModified\":\"2021-09-24T14:30:12+00:00\",\"breadcrumb\":{\"@id\":\"https:\\\/\\\/exploreruralcroatia.com\\\/hr\\\/hrvatske-regije\\\/#breadcrumb\"},\"inLanguage\":\"hr\",\"potentialAction\":[{\"@type\":\"ReadAction\",\"target\":[\"https:\\\/\\\/exploreruralcroatia.com\\\/hr\\\/hrvatske-regije\\\/\"]}]},{\"@type\":\"ImageObject\",\"inLanguage\":\"hr\",\"@id\":\"https:\\\/\\\/exploreruralcroatia.com\\\/hr\\\/hrvatske-regije\\\/#primaryimage\",\"url\":\"https:\\\/\\\/exploreruralcroatia.com\\\/wp-content\\\/uploads\\\/2021\\\/09\\\/i.9c8138d03351e86ed4ae29d492b685c2.jpg\",\"contentUrl\":\"https:\\\/\\\/exploreruralcroatia.com\\\/wp-content\\\/uploads\\\/2021\\\/09\\\/i.9c8138d03351e86ed4ae29d492b685c2.jpg\",\"width\":1024,\"height\":576},{\"@type\":\"BreadcrumbList\",\"@id\":\"https:\\\/\\\/exploreruralcroatia.com\\\/hr\\\/hrvatske-regije\\\/#breadcrumb\",\"itemListElement\":[{\"@type\":\"ListItem\",\"position\":1,\"name\":\"Naslovna\",\"item\":\"https:\\\/\\\/exploreruralcroatia.com\\\/hr\\\/?lang=hr\"},{\"@type\":\"ListItem\",\"position\":2,\"name\":\"Hrvatske regije\"}]},{\"@type\":\"WebSite\",\"@id\":\"https:\\\/\\\/exploreruralcroatia.com\\\/hr\\\/#website\",\"url\":\"https:\\\/\\\/exploreruralcroatia.com\\\/hr\\\/\",\"name\":\"Explore Rural Croatia\",\"description\":\"Meet a small European country with a big heart!\",\"potentialAction\":[{\"@type\":\"SearchAction\",\"target\":{\"@type\":\"EntryPoint\",\"urlTemplate\":\"https:\\\/\\\/exploreruralcroatia.com\\\/hr\\\/?s={search_term_string}\"},\"query-input\":{\"@type\":\"PropertyValueSpecification\",\"valueRequired\":true,\"valueName\":\"search_term_string\"}}],\"inLanguage\":\"hr\"}]}<\/script>\n<!-- \/ Yoast SEO plugin. -->","yoast_head_json":{"title":"Hrvatske regije - Explore Rural Croatia","robots":{"index":"index","follow":"follow","max-snippet":"max-snippet:-1","max-image-preview":"max-image-preview:large","max-video-preview":"max-video-preview:-1"},"canonical":"https:\/\/exploreruralcroatia.com\/hr\/hrvatske-regije\/","og_locale":"hr_HR","og_type":"article","og_title":"Hrvatske regije - Explore Rural Croatia","og_description":"Podjeljena u 4 regije, koje se sastoje od 21 \u017eupanije, Hrvatska ima \u0161iroku raznolikost ruralne divljine i prirode, kao i razli\u010dite tradicije, specifi\u010dne za pojedinu regiju.","og_url":"https:\/\/exploreruralcroatia.com\/hr\/hrvatske-regije\/","og_site_name":"Explore Rural Croatia","article_modified_time":"2021-09-24T14:30:12+00:00","twitter_card":"summary_large_image","schema":{"@context":"https:\/\/schema.org","@graph":[{"@type":"WebPage","@id":"https:\/\/exploreruralcroatia.com\/hr\/hrvatske-regije\/","url":"https:\/\/exploreruralcroatia.com\/hr\/hrvatske-regije\/","name":"Hrvatske regije - Explore Rural Croatia","isPartOf":{"@id":"https:\/\/exploreruralcroatia.com\/hr\/#website"},"primaryImageOfPage":{"@id":"https:\/\/exploreruralcroatia.com\/hr\/hrvatske-regije\/#primaryimage"},"image":{"@id":"https:\/\/exploreruralcroatia.com\/hr\/hrvatske-regije\/#primaryimage"},"thumbnailUrl":"https:\/\/exploreruralcroatia.com\/wp-content\/uploads\/2021\/09\/i.9c8138d03351e86ed4ae29d492b685c2.jpg","datePublished":"2021-09-21T17:07:00+00:00","dateModified":"2021-09-24T14:30:12+00:00","breadcrumb":{"@id":"https:\/\/exploreruralcroatia.com\/hr\/hrvatske-regije\/#breadcrumb"},"inLanguage":"hr","potentialAction":[{"@type":"ReadAction","target":["https:\/\/exploreruralcroatia.com\/hr\/hrvatske-regije\/"]}]},{"@type":"ImageObject","inLanguage":"hr","@id":"https:\/\/exploreruralcroatia.com\/hr\/hrvatske-regije\/#primaryimage","url":"https:\/\/exploreruralcroatia.com\/wp-content\/uploads\/2021\/09\/i.9c8138d03351e86ed4ae29d492b685c2.jpg","contentUrl":"https:\/\/exploreruralcroatia.com\/wp-content\/uploads\/2021\/09\/i.9c8138d03351e86ed4ae29d492b685c2.jpg","width":1024,"height":576},{"@type":"BreadcrumbList","@id":"https:\/\/exploreruralcroatia.com\/hr\/hrvatske-regije\/#breadcrumb","itemListElement":[{"@type":"ListItem","position":1,"name":"Naslovna","item":"https:\/\/exploreruralcroatia.com\/hr\/?lang=hr"},{"@type":"ListItem","position":2,"name":"Hrvatske regije"}]},{"@type":"WebSite","@id":"https:\/\/exploreruralcroatia.com\/hr\/#website","url":"https:\/\/exploreruralcroatia.com\/hr\/","name":"Explore Rural Croatia","description":"Meet a small European country with a big heart!","potentialAction":[{"@type":"SearchAction","target":{"@type":"EntryPoint","urlTemplate":"https:\/\/exploreruralcroatia.com\/hr\/?s={search_term_string}"},"query-input":{"@type":"PropertyValueSpecification","valueRequired":true,"valueName":"search_term_string"}}],"inLanguage":"hr"}]}},"_links":{"self":[{"href":"https:\/\/exploreruralcroatia.com\/hr\/wp-json\/wp\/v2\/pages\/787","targetHints":{"allow":["GET"]}}],"collection":[{"href":"https:\/\/exploreruralcroatia.com\/hr\/wp-json\/wp\/v2\/pages"}],"about":[{"href":"https:\/\/exploreruralcroatia.com\/hr\/wp-json\/wp\/v2\/types\/page"}],"author":[{"embeddable":true,"href":"https:\/\/exploreruralcroatia.com\/hr\/wp-json\/wp\/v2\/users\/1"}],"replies":[{"embeddable":true,"href":"https:\/\/exploreruralcroatia.com\/hr\/wp-json\/wp\/v2\/comments?post=787"}],"version-history":[{"count":2,"href":"https:\/\/exploreruralcroatia.com\/hr\/wp-json\/wp\/v2\/pages\/787\/revisions"}],"predecessor-version":[{"id":940,"href":"https:\/\/exploreruralcroatia.com\/hr\/wp-json\/wp\/v2\/pages\/787\/revisions\/940"}],"wp:featuredmedia":[{"embeddable":true,"href":"https:\/\/exploreruralcroatia.com\/hr\/wp-json\/wp\/v2\/media\/941"}],"wp:attachment":[{"href":"https:\/\/exploreruralcroatia.com\/hr\/wp-json\/wp\/v2\/media?parent=787"}],"curies":[{"name":"wp","href":"https:\/\/api.w.org\/{rel}","templated":true}]}}